{"id":116,"date":"2025-02-26T19:10:17","date_gmt":"2025-02-26T18:10:17","guid":{"rendered":"https:\/\/etanchelux.com\/?page_id=116"},"modified":"2025-07-21T08:32:32","modified_gmt":"2025-07-21T06:32:32","slug":"ligne-de-vie","status":"publish","type":"page","link":"https:\/\/etanchelux.com\/index.php\/nos-services\/ligne-de-vie\/","title":{"rendered":"Ligne de Vie"},"content":{"rendered":"\n<p><strong>Pourquoi opter pour une ligne de vie ?<\/strong><\/p>\n\n\n\n<p><strong>pr\u00e9vention des chutes<\/strong> : Les lignes de vie sont con\u00e7ues pour \u00e9viter les chutes lors de travaux en hauteur. En fixant un harnais \u00e0 la ligne de vie, le travailleur est retenu en toute s\u00e9curit\u00e9, ce qui permet de limiter les risques li\u00e9s aux interventions sur des toitures, des terrasses ou des b\u00e2timents de grande hauteur.<\/p>\n\n\n\n<figure class=\"wp-block-image size-full\"><img loading=\"lazy\" decoding=\"async\" width=\"967\" height=\"631\" src=\"https:\/\/etanchelux.com\/wp-content\/uploads\/2025\/02\/lignevie.jpg\" alt=\"\" class=\"wp-image-117\" srcset=\"https:\/\/etanchelux.com\/wp-content\/uploads\/2025\/02\/lignevie.jpg 967w, https:\/\/etanchelux.com\/wp-content\/uploads\/2025\/02\/lignevie-300x196.jpg 300w, https:\/\/etanchelux.com\/wp-content\/uploads\/2025\/02\/lignevie-768x501.jpg 768w, https:\/\/etanchelux.com\/wp-content\/uploads\/2025\/02\/lignevie-460x300.jpg 460w\" sizes=\"auto, (max-width: 967px) 100vw, 967px\" \/><\/figure>\n\n\n\n<p><strong>S\u00e9curisation des interventions en toiture<\/strong> : Lors de travaux d\u2019\u00e9tanch\u00e9it\u00e9, de maintenance ou d\u2019entretien sur des toitures, la pr\u00e9sence d&rsquo;une ligne de vie garantit la s\u00e9curit\u00e9 du personnel. Ce syst\u00e8me offre une libert\u00e9 de mouvement tout en assurant une protection efficace contre les chutes, essentiel pour des travaux r\u00e9alis\u00e9s sur des zones potentiellement dangereuses.<\/p>\n\n\n\n<figure class=\"wp-block-image size-full\"><img loading=\"lazy\" decoding=\"async\" width=\"925\" height=\"414\" src=\"https:\/\/etanchelux.com\/wp-content\/uploads\/2025\/02\/lignevie2.jpg\" alt=\"\" class=\"wp-image-118\" srcset=\"https:\/\/etanchelux.com\/wp-content\/uploads\/2025\/02\/lignevie2.jpg 925w, https:\/\/etanchelux.com\/wp-content\/uploads\/2025\/02\/lignevie2-300x134.jpg 300w, https:\/\/etanchelux.com\/wp-content\/uploads\/2025\/02\/lignevie2-768x344.jpg 768w, https:\/\/etanchelux.com\/wp-content\/uploads\/2025\/02\/lignevie2-500x224.jpg 500w\" sizes=\"auto, (max-width: 925px) 100vw, 925px\" \/><\/figure>\n\n\n\n<p><strong>Conformit\u00e9 aux normes de s\u00e9curit\u00e9<\/strong> : Les lignes de vie sont obligatoires dans de nombreux secteurs professionnels. Elles permettent aux entreprises de se conformer aux exigences l\u00e9gales en mati\u00e8re de protection des travailleurs, assurant ainsi un environnement de travail s\u00fbr et conforme.<\/p>\n\n\n\n<p><strong>Installation flexible et durable<\/strong> : Les lignes de vie peuvent \u00eatre install\u00e9es sur des b\u00e2timents existants ou lors de la construction, et sont adapt\u00e9es \u00e0 diff\u00e9rents types de surfaces (toitures, fa\u00e7ades, ponts, etc.). Elles offrent une solution de s\u00e9curit\u00e9 \u00e0 long terme, permettant de prot\u00e9ger les travailleurs lors de multiples interventions.<\/p>\n","protected":false},"excerpt":{"rendered":"<p>Pourquoi opter pour une ligne de vie ? pr\u00e9vention des chutes : Les lignes de vie sont con\u00e7ues pour \u00e9viter les chutes lors de travaux en hauteur. En fixant un harnais \u00e0 la ligne de vie, le travailleur est retenu &hellip; <a href=\"https:\/\/etanchelux.com\/index.php\/nos-services\/ligne-de-vie\/\">Continuer la lecture <span class=\"meta-nav\">&rarr;<\/span><\/a><\/p>\n","protected":false},"author":1,"featured_media":0,"parent":40,"menu_order":6,"comment_status":"closed","ping_status":"closed","template":"","meta":{"footnotes":""},"class_list":["post-116","page","type-page","status-publish","hentry"],"jetpack_sharing_enabled":true,"_links":{"self":[{"href":"https:\/\/etanchelux.com\/index.php\/wp-json\/wp\/v2\/pages\/116","targetHints":{"allow":["GET"]}}],"collection":[{"href":"https:\/\/etanchelux.com\/index.php\/wp-json\/wp\/v2\/pages"}],"about":[{"href":"https:\/\/etanchelux.com\/index.php\/wp-json\/wp\/v2\/types\/page"}],"author":[{"embeddable":true,"href":"https:\/\/etanchelux.com\/index.php\/wp-json\/wp\/v2\/users\/1"}],"replies":[{"embeddable":true,"href":"https:\/\/etanchelux.com\/index.php\/wp-json\/wp\/v2\/comments?post=116"}],"version-history":[{"count":3,"href":"https:\/\/etanchelux.com\/index.php\/wp-json\/wp\/v2\/pages\/116\/revisions"}],"predecessor-version":[{"id":409,"href":"https:\/\/etanchelux.com\/index.php\/wp-json\/wp\/v2\/pages\/116\/revisions\/409"}],"up":[{"embeddable":true,"href":"https:\/\/etanchelux.com\/index.php\/wp-json\/wp\/v2\/pages\/40"}],"wp:attachment":[{"href":"https:\/\/etanchelux.com\/index.php\/wp-json\/wp\/v2\/media?parent=116"}],"curies":[{"name":"wp","href":"https:\/\/api.w.org\/{rel}","templated":true}]}}