{"id":133,"date":"2025-02-26T19:31:50","date_gmt":"2025-02-26T18:31:50","guid":{"rendered":"https:\/\/etanchelux.com\/?page_id=133"},"modified":"2025-07-21T07:51:41","modified_gmt":"2025-07-21T05:51:41","slug":"dalle-sur-plots","status":"publish","type":"page","link":"https:\/\/etanchelux.com\/index.php\/nos-services\/dalle-sur-plots\/","title":{"rendered":"Dalle sur Plots"},"content":{"rendered":"\n<p>Pourquoi\u00a0 installer des dalles sur plots\u00a0?<\/p>\n\n\n\n<p><strong>Facilitation de l\u2019\u00e9vacuation des eaux pluviales<\/strong> : L\u2019un des principaux avantages des dalles sur plots est qu&rsquo;elles permettent de cr\u00e9er un espace entre les dalles et le support, ce qui favorise l\u2019\u00e9coulement des eaux pluviales. Ce syst\u00e8me facilite ainsi l\u2019\u00e9vacuation de l\u2019eau tout en \u00e9vitant les stagnations et les infiltrations, contribuant \u00e0 l\u2019\u00e9tanch\u00e9it\u00e9 des surfaces.<\/p>\n\n\n\n<figure class=\"wp-block-image size-full\"><img loading=\"lazy\" decoding=\"async\" width=\"707\" height=\"500\" src=\"https:\/\/etanchelux.com\/wp-content\/uploads\/2025\/02\/dalle-sur-plot-grand-format-effet-beton-piscine-renovation-a-montpellier-1.webp\" alt=\"\" class=\"wp-image-134\" srcset=\"https:\/\/etanchelux.com\/wp-content\/uploads\/2025\/02\/dalle-sur-plot-grand-format-effet-beton-piscine-renovation-a-montpellier-1.webp 707w, https:\/\/etanchelux.com\/wp-content\/uploads\/2025\/02\/dalle-sur-plot-grand-format-effet-beton-piscine-renovation-a-montpellier-1-300x212.webp 300w, https:\/\/etanchelux.com\/wp-content\/uploads\/2025\/02\/dalle-sur-plot-grand-format-effet-beton-piscine-renovation-a-montpellier-1-424x300.webp 424w\" sizes=\"auto, (max-width: 707px) 100vw, 707px\" \/><\/figure>\n\n\n\n<p><strong>Installation rapide et flexible<\/strong> : Les dalles sur plots sont faciles \u00e0 installer sans avoir besoin de colle, de joint ou de fixation complexe. Les plots r\u00e9glables permettent de compenser les irr\u00e9gularit\u00e9s du support et de poser les dalles \u00e0 la hauteur souhait\u00e9e, offrant une solution rapide et flexible. Cela permet de r\u00e9aliser des am\u00e9nagements ext\u00e9rieurs dans des d\u00e9lais r\u00e9duits.<\/p>\n\n\n\n<p><strong>Acc\u00e8s \u00e0 la toiture pour maintenance<\/strong> : Ce syst\u00e8me est particuli\u00e8rement adapt\u00e9 pour les toitures-terrasses, car il permet d\u2019installer un rev\u00eatement esth\u00e9tique tout en facilitant l\u2019acc\u00e8s pour l\u2019entretien et la maintenance des installations sous-jacentes (\u00e9tanch\u00e9it\u00e9, r\u00e9seaux, etc.). En cr\u00e9ant une surface facilement modulable, les dalles sur plots permettent d\u2019intervenir sans d\u00e9t\u00e9riorer la structure.<\/p>\n\n\n\n<figure class=\"wp-block-image size-full\"><img loading=\"lazy\" decoding=\"async\" width=\"835\" height=\"634\" src=\"https:\/\/etanchelux.com\/wp-content\/uploads\/2025\/02\/dalleplot.jpg\" alt=\"\" class=\"wp-image-135\" srcset=\"https:\/\/etanchelux.com\/wp-content\/uploads\/2025\/02\/dalleplot.jpg 835w, https:\/\/etanchelux.com\/wp-content\/uploads\/2025\/02\/dalleplot-300x228.jpg 300w, https:\/\/etanchelux.com\/wp-content\/uploads\/2025\/02\/dalleplot-768x583.jpg 768w, https:\/\/etanchelux.com\/wp-content\/uploads\/2025\/02\/dalleplot-395x300.jpg 395w\" sizes=\"auto, (max-width: 835px) 100vw, 835px\" \/><\/figure>\n\n\n\n<p><strong>Esth\u00e9tique et personnalisation<\/strong> : Les dalles sur plots offrent une grande vari\u00e9t\u00e9 de mat\u00e9riaux (granit, b\u00e9ton, c\u00e9ramique, bois, etc.), permettant ainsi de personnaliser l\u2019am\u00e9nagement ext\u00e9rieur selon les pr\u00e9f\u00e9rences esth\u00e9tiques du client. Ce syst\u00e8me permet \u00e9galement de cr\u00e9er des surfaces uniformes et \u00e9pur\u00e9es, qui s\u2019int\u00e8grent parfaitement dans des projets modernes.<\/p>\n\n\n\n<p><strong>Durabilit\u00e9 et r\u00e9sistance<\/strong> : Les dalles pos\u00e9es sur plots sont con\u00e7ues pour r\u00e9sister aux intemp\u00e9ries et aux contraintes m\u00e9caniques. Ce syst\u00e8me offre une grande robustesse et une long\u00e9vit\u00e9 accrue, garantissant ainsi des am\u00e9nagements ext\u00e9rieurs durables et performants.<\/p>\n","protected":false},"excerpt":{"rendered":"<p>Pourquoi\u00a0 installer des dalles sur plots\u00a0? Facilitation de l\u2019\u00e9vacuation des eaux pluviales : L\u2019un des principaux avantages des dalles sur plots est qu&rsquo;elles permettent de cr\u00e9er un espace entre les dalles et le support, ce qui favorise l\u2019\u00e9coulement des eaux &hellip; <a href=\"https:\/\/etanchelux.com\/index.php\/nos-services\/dalle-sur-plots\/\">Continuer la lecture <span class=\"meta-nav\">&rarr;<\/span><\/a><\/p>\n","protected":false},"author":1,"featured_media":0,"parent":40,"menu_order":3,"comment_status":"closed","ping_status":"closed","template":"","meta":{"footnotes":""},"class_list":["post-133","page","type-page","status-publish","hentry"],"jetpack_sharing_enabled":true,"_links":{"self":[{"href":"https:\/\/etanchelux.com\/index.php\/wp-json\/wp\/v2\/pages\/133","targetHints":{"allow":["GET"]}}],"collection":[{"href":"https:\/\/etanchelux.com\/index.php\/wp-json\/wp\/v2\/pages"}],"about":[{"href":"https:\/\/etanchelux.com\/index.php\/wp-json\/wp\/v2\/types\/page"}],"author":[{"embeddable":true,"href":"https:\/\/etanchelux.com\/index.php\/wp-json\/wp\/v2\/users\/1"}],"replies":[{"embeddable":true,"href":"https:\/\/etanchelux.com\/index.php\/wp-json\/wp\/v2\/comments?post=133"}],"version-history":[{"count":2,"href":"https:\/\/etanchelux.com\/index.php\/wp-json\/wp\/v2\/pages\/133\/revisions"}],"predecessor-version":[{"id":383,"href":"https:\/\/etanchelux.com\/index.php\/wp-json\/wp\/v2\/pages\/133\/revisions\/383"}],"up":[{"embeddable":true,"href":"https:\/\/etanchelux.com\/index.php\/wp-json\/wp\/v2\/pages\/40"}],"wp:attachment":[{"href":"https:\/\/etanchelux.com\/index.php\/wp-json\/wp\/v2\/media?parent=133"}],"curies":[{"name":"wp","href":"https:\/\/api.w.org\/{rel}","templated":true}]}}