{"id":38,"date":"2025-02-26T16:30:57","date_gmt":"2025-02-26T15:30:57","guid":{"rendered":"https:\/\/etanchelux.com\/?page_id=38"},"modified":"2025-06-19T18:03:13","modified_gmt":"2025-06-19T16:03:13","slug":"presentation-de-notre-societe","status":"publish","type":"page","link":"https:\/\/etanchelux.com\/","title":{"rendered":"Pr\u00e9sentation"},"content":{"rendered":"\n<p style=\"font-size:16px\">Fort de 20 ans d\u2019exp\u00e9rience en France, M. Mehmet Telligoz met son expertise professionnelle au service du Grand-Duch\u00e9 du Luxembourg depuis 2014.<\/p>\n\n\n\n<p style=\"font-size:16px\">Sp\u00e9cialis\u00e9 dans des projets \u00e0 la fois pour professionnels et particuliers, Etanche-Lux intervient sur des chantiers vari\u00e9s, allant des b\u00e2timents institutionnels de prestige, tels que le Parlement Europ\u00e9en et le lyc\u00e9e fran\u00e7ais, jusqu&rsquo;\u00e0 des projets r\u00e9sidentiels sp\u00e9cialis\u00e9s dans les toitures plates et l&rsquo;\u00e9tanch\u00e9it\u00e9.<\/p>\n\n\n\n<p style=\"font-size:16px\">Avec une expertise reconnue et un haut niveau de professionnalisme, M. Mehmet Telligoz s&rsquo;engage \u00e0 proposer des solutions de qualit\u00e9, sur mesure, qui r\u00e9pondent aux besoins sp\u00e9cifiques de chaque client, tout en respectant les normes et exigences les plus strictes du secteur.<\/p>\n\n\n\n<p style=\"font-size:18px;font-style:normal;font-weight:700\">Ils nous font d\u00e9j\u00e0 confiance :<\/p>\n\n\n\n<div class=\"alignnormal\"><div id=\"metaslider-id-259\" style=\"max-width: 200px; margin: 0 auto;\" class=\"ml-slider-3-108-0 metaslider metaslider-flex metaslider-259 ml-slider ms-theme-clarity nav-hidden\" role=\"region\" aria-label=\"Nouveau diaporama\" data-height=\"200\" data-width=\"200\">\n    <div id=\"metaslider_container_259\">\n        <div id=\"metaslider_259\" class=\"flexslider\">\n            <ul class='slides'>\n                <li style=\"display: block; width: 100%;\" class=\"slide-276 ms-image \" aria-roledescription=\"slide\" data-date=\"2025-03-01 14:31:10\" data-filename=\"6c9a8bc9cc85599a4ef9f00e5fc9f1c1-scaled.jpg\" data-slide-type=\"image\"><img loading=\"lazy\" decoding=\"async\" width=\"2560\" height=\"1417\" src=\"https:\/\/etanchelux.com\/wp-content\/uploads\/2025\/03\/6c9a8bc9cc85599a4ef9f00e5fc9f1c1-scaled.jpg\" class=\"slider-259 slide-276 msDefaultImage\" alt=\"\" rel=\"\" title=\"6c9a8bc9cc85599a4ef9f00e5fc9f1c1\" srcset=\"https:\/\/etanchelux.com\/wp-content\/uploads\/2025\/03\/6c9a8bc9cc85599a4ef9f00e5fc9f1c1-scaled.jpg 2560w, https:\/\/etanchelux.com\/wp-content\/uploads\/2025\/03\/6c9a8bc9cc85599a4ef9f00e5fc9f1c1-300x166.jpg 300w, https:\/\/etanchelux.com\/wp-content\/uploads\/2025\/03\/6c9a8bc9cc85599a4ef9f00e5fc9f1c1-1024x567.jpg 1024w, https:\/\/etanchelux.com\/wp-content\/uploads\/2025\/03\/6c9a8bc9cc85599a4ef9f00e5fc9f1c1-768x425.jpg 768w, https:\/\/etanchelux.com\/wp-content\/uploads\/2025\/03\/6c9a8bc9cc85599a4ef9f00e5fc9f1c1-1536x850.jpg 1536w, https:\/\/etanchelux.com\/wp-content\/uploads\/2025\/03\/6c9a8bc9cc85599a4ef9f00e5fc9f1c1-2048x1133.jpg 2048w, https:\/\/etanchelux.com\/wp-content\/uploads\/2025\/03\/6c9a8bc9cc85599a4ef9f00e5fc9f1c1-500x277.jpg 500w\" sizes=\"auto, (max-width: 2560px) 100vw, 2560px\" \/><\/li>\n                <li style=\"display: none; width: 100%;\" class=\"slide-286 ms-image \" aria-roledescription=\"slide\" data-date=\"2025-03-01 14:34:24\" data-filename=\"Capture-decran-2025-03-01-143412.jpg\" data-slide-type=\"image\"><img loading=\"lazy\" decoding=\"async\" width=\"146\" height=\"124\" src=\"https:\/\/etanchelux.com\/wp-content\/uploads\/2025\/03\/Capture-decran-2025-03-01-143412.jpg\" class=\"slider-259 slide-286 msDefaultImage\" alt=\"\" rel=\"\" title=\"Capture d\u2019\u00e9cran 2025-03-01 143412\" \/><\/li>\n                <li style=\"display: none; width: 100%;\" class=\"slide-278 ms-image \" aria-roledescription=\"slide\" data-date=\"2025-03-01 14:31:39\" data-filename=\"Capture-decran-2025-03-01-143125.jpg\" data-slide-type=\"image\"><img loading=\"lazy\" decoding=\"async\" width=\"155\" height=\"154\" src=\"https:\/\/etanchelux.com\/wp-content\/uploads\/2025\/03\/Capture-decran-2025-03-01-143125.jpg\" class=\"slider-259 slide-278 msDefaultImage\" alt=\"\" rel=\"\" title=\"Capture d\u2019\u00e9cran 2025-03-01 143125\" srcset=\"https:\/\/etanchelux.com\/wp-content\/uploads\/2025\/03\/Capture-decran-2025-03-01-143125.jpg 155w, https:\/\/etanchelux.com\/wp-content\/uploads\/2025\/03\/Capture-decran-2025-03-01-143125-150x150.jpg 150w\" sizes=\"auto, (max-width: 155px) 100vw, 155px\" \/><\/li>\n                <li style=\"display: none; width: 100%;\" class=\"slide-300 ms-image \" aria-roledescription=\"slide\" data-date=\"2025-03-01 14:37:41\" data-filename=\"Capture-decran-2025-03-01-143728.jpg\" data-slide-type=\"image\"><img loading=\"lazy\" decoding=\"async\" width=\"153\" height=\"123\" src=\"https:\/\/etanchelux.com\/wp-content\/uploads\/2025\/03\/Capture-decran-2025-03-01-143728.jpg\" class=\"slider-259 slide-300 msDefaultImage\" alt=\"\" rel=\"\" title=\"Capture d\u2019\u00e9cran 2025-03-01 143728\" \/><\/li>\n                <li style=\"display: none; width: 100%;\" class=\"slide-308 ms-image \" aria-roledescription=\"slide\" data-date=\"2025-03-01 14:39:52\" data-filename=\"Capture-decran-2025-03-01-143940.jpg\" data-slide-type=\"image\"><img loading=\"lazy\" decoding=\"async\" width=\"97\" height=\"100\" src=\"https:\/\/etanchelux.com\/wp-content\/uploads\/2025\/03\/Capture-decran-2025-03-01-143940.jpg\" class=\"slider-259 slide-308 msDefaultImage\" alt=\"\" rel=\"\" title=\"Capture d\u2019\u00e9cran 2025-03-01 143940\" \/><\/li>\n                <li style=\"display: none; width: 100%;\" class=\"slide-310 ms-image \" aria-roledescription=\"slide\" data-date=\"2025-03-01 14:40:21\" data-filename=\"Capture-decran-2025-03-01-144009.jpg\" data-slide-type=\"image\"><img loading=\"lazy\" decoding=\"async\" width=\"160\" height=\"94\" src=\"https:\/\/etanchelux.com\/wp-content\/uploads\/2025\/03\/Capture-decran-2025-03-01-144009.jpg\" class=\"slider-259 slide-310 msDefaultImage\" alt=\"\" rel=\"\" title=\"Capture d\u2019\u00e9cran 2025-03-01 144009\" \/><\/li>\n                <li style=\"display: none; width: 100%;\" class=\"slide-306 ms-image \" aria-roledescription=\"slide\" data-date=\"2025-03-01 14:39:10\" data-filename=\"Capture-decran-2025-03-01-143853.jpg\" data-slide-type=\"image\"><img loading=\"lazy\" decoding=\"async\" width=\"197\" height=\"174\" src=\"https:\/\/etanchelux.com\/wp-content\/uploads\/2025\/03\/Capture-decran-2025-03-01-143853.jpg\" class=\"slider-259 slide-306 msDefaultImage\" alt=\"\" rel=\"\" title=\"Capture d\u2019\u00e9cran 2025-03-01 143853\" \/><\/li>\n                <li style=\"display: none; width: 100%;\" class=\"slide-302 ms-image \" aria-roledescription=\"slide\" data-date=\"2025-03-01 14:38:06\" data-filename=\"Capture-decran-2025-03-01-143755.jpg\" data-slide-type=\"image\"><img loading=\"lazy\" decoding=\"async\" width=\"145\" height=\"98\" src=\"https:\/\/etanchelux.com\/wp-content\/uploads\/2025\/03\/Capture-decran-2025-03-01-143755.jpg\" class=\"slider-259 slide-302 msDefaultImage\" alt=\"\" rel=\"\" title=\"Capture d\u2019\u00e9cran 2025-03-01 143755\" \/><\/li>\n                <li style=\"display: none; width: 100%;\" class=\"slide-314 ms-image \" aria-roledescription=\"slide\" data-date=\"2025-03-01 14:42:26\" data-filename=\"Capture-decran-2025-03-01-144213.jpg\" data-slide-type=\"image\"><img loading=\"lazy\" decoding=\"async\" width=\"174\" height=\"84\" src=\"https:\/\/etanchelux.com\/wp-content\/uploads\/2025\/03\/Capture-decran-2025-03-01-144213.jpg\" class=\"slider-259 slide-314 msDefaultImage\" alt=\"\" rel=\"\" title=\"Capture d\u2019\u00e9cran 2025-03-01 144213\" \/><\/li>\n                <li style=\"display: none; width: 100%;\" class=\"slide-336 ms-image \" aria-roledescription=\"slide\" data-date=\"2025-03-01 14:51:45\" data-filename=\"Capture-decran-2025-03-01-145135.jpg\" data-slide-type=\"image\"><img loading=\"lazy\" decoding=\"async\" width=\"266\" height=\"195\" src=\"https:\/\/etanchelux.com\/wp-content\/uploads\/2025\/03\/Capture-decran-2025-03-01-145135.jpg\" class=\"slider-259 slide-336 msDefaultImage\" alt=\"\" rel=\"\" title=\"Capture d\u2019\u00e9cran 2025-03-01 145135\" \/><\/li>\n                <li style=\"display: none; width: 100%;\" class=\"slide-322 ms-image \" aria-roledescription=\"slide\" data-date=\"2025-03-01 14:45:57\" data-filename=\"Capture-decran-2025-03-01-144546.jpg\" data-slide-type=\"image\"><img loading=\"lazy\" decoding=\"async\" width=\"181\" height=\"139\" src=\"https:\/\/etanchelux.com\/wp-content\/uploads\/2025\/03\/Capture-decran-2025-03-01-144546.jpg\" class=\"slider-259 slide-322 msDefaultImage\" alt=\"\" rel=\"\" title=\"Capture d\u2019\u00e9cran 2025-03-01 144546\" \/><\/li>\n                <li style=\"display: none; width: 100%;\" class=\"slide-264 ms-image \" aria-roledescription=\"slide\" data-date=\"2025-03-01 14:22:38\" data-filename=\"Capture-decran-2025-03-01-142225.jpg\" data-slide-type=\"image\"><img loading=\"lazy\" decoding=\"async\" width=\"157\" height=\"155\" src=\"https:\/\/etanchelux.com\/wp-content\/uploads\/2025\/03\/Capture-decran-2025-03-01-142225.jpg\" class=\"slider-259 slide-264 msDefaultImage\" alt=\"\" rel=\"\" title=\"Capture d\u2019\u00e9cran 2025-03-01 142225\" \/><\/li>\n                <li style=\"display: none; width: 100%;\" class=\"slide-280 ms-image \" aria-roledescription=\"slide\" data-date=\"2025-03-01 14:32:54\" data-filename=\"Capture-decran-2025-03-01-143241.jpg\" data-slide-type=\"image\"><img loading=\"lazy\" decoding=\"async\" width=\"154\" height=\"138\" src=\"https:\/\/etanchelux.com\/wp-content\/uploads\/2025\/03\/Capture-decran-2025-03-01-143241.jpg\" class=\"slider-259 slide-280 msDefaultImage\" alt=\"\" rel=\"\" title=\"Capture d\u2019\u00e9cran 2025-03-01 143241\" \/><\/li>\n                <li style=\"display: none; width: 100%;\" class=\"slide-260 ms-image \" aria-roledescription=\"slide\" data-date=\"2025-03-01 14:16:03\" data-filename=\"22435752-0933-4dbd-b815-464771e218aa.jpeg\" data-slide-type=\"image\"><img loading=\"lazy\" decoding=\"async\" width=\"500\" height=\"500\" src=\"https:\/\/etanchelux.com\/wp-content\/uploads\/2025\/03\/22435752-0933-4dbd-b815-464771e218aa.jpeg\" class=\"slider-259 slide-260 msDefaultImage\" alt=\"\" rel=\"\" title=\"22435752-0933-4dbd-b815-464771e218aa\" srcset=\"https:\/\/etanchelux.com\/wp-content\/uploads\/2025\/03\/22435752-0933-4dbd-b815-464771e218aa.jpeg 500w, https:\/\/etanchelux.com\/wp-content\/uploads\/2025\/03\/22435752-0933-4dbd-b815-464771e218aa-300x300.jpeg 300w, https:\/\/etanchelux.com\/wp-content\/uploads\/2025\/03\/22435752-0933-4dbd-b815-464771e218aa-150x150.jpeg 150w, https:\/\/etanchelux.com\/wp-content\/uploads\/2025\/03\/22435752-0933-4dbd-b815-464771e218aa-50x50.jpeg 50w, https:\/\/etanchelux.com\/wp-content\/uploads\/2025\/03\/22435752-0933-4dbd-b815-464771e218aa-100x100.jpeg 100w, https:\/\/etanchelux.com\/wp-content\/uploads\/2025\/03\/22435752-0933-4dbd-b815-464771e218aa-200x200.jpeg 200w, https:\/\/etanchelux.com\/wp-content\/uploads\/2025\/03\/22435752-0933-4dbd-b815-464771e218aa-400x400.jpeg 400w\" sizes=\"auto, (max-width: 500px) 100vw, 500px\" \/><\/li>\n                <li style=\"display: none; width: 100%;\" class=\"slide-262 ms-image \" aria-roledescription=\"slide\" data-date=\"2025-03-01 14:21:12\" data-filename=\"Capture-decran-2025-03-01-142055.jpg\" data-slide-type=\"image\"><img loading=\"lazy\" decoding=\"async\" width=\"263\" height=\"198\" src=\"https:\/\/etanchelux.com\/wp-content\/uploads\/2025\/03\/Capture-decran-2025-03-01-142055.jpg\" class=\"slider-259 slide-262 msDefaultImage\" alt=\"\" rel=\"\" title=\"Capture d\u2019\u00e9cran 2025-03-01 142055\" \/><\/li>\n                <li style=\"display: none; width: 100%;\" class=\"slide-282 ms-image \" aria-roledescription=\"slide\" data-date=\"2025-03-01 14:33:20\" data-filename=\"Capture-decran-2025-03-01-143306.jpg\" data-slide-type=\"image\"><img loading=\"lazy\" decoding=\"async\" width=\"158\" height=\"144\" src=\"https:\/\/etanchelux.com\/wp-content\/uploads\/2025\/03\/Capture-decran-2025-03-01-143306.jpg\" class=\"slider-259 slide-282 msDefaultImage\" alt=\"\" rel=\"\" title=\"Capture d\u2019\u00e9cran 2025-03-01 143306\" \/><\/li>\n                <li style=\"display: none; width: 100%;\" class=\"slide-288 ms-image \" aria-roledescription=\"slide\" data-date=\"2025-03-01 14:34:54\" data-filename=\"Capture-decran-2025-03-01-143442.jpg\" data-slide-type=\"image\"><img loading=\"lazy\" decoding=\"async\" width=\"157\" height=\"155\" src=\"https:\/\/etanchelux.com\/wp-content\/uploads\/2025\/03\/Capture-decran-2025-03-01-143442.jpg\" class=\"slider-259 slide-288 msDefaultImage\" alt=\"\" rel=\"\" title=\"Capture d\u2019\u00e9cran 2025-03-01 143442\" \/><\/li>\n                <li style=\"display: none; width: 100%;\" class=\"slide-290 ms-image \" aria-roledescription=\"slide\" data-date=\"2025-03-01 14:35:19\" data-filename=\"Capture-decran-2025-03-01-143506.jpg\" data-slide-type=\"image\"><img loading=\"lazy\" decoding=\"async\" width=\"153\" height=\"155\" src=\"https:\/\/etanchelux.com\/wp-content\/uploads\/2025\/03\/Capture-decran-2025-03-01-143506.jpg\" class=\"slider-259 slide-290 msDefaultImage\" alt=\"\" rel=\"\" title=\"Capture d\u2019\u00e9cran 2025-03-01 143506\" \/><\/li>\n                <li style=\"display: none; width: 100%;\" class=\"slide-292 ms-image \" aria-roledescription=\"slide\" data-date=\"2025-03-01 14:35:48\" data-filename=\"Capture-decran-2025-03-01-143533.jpg\" data-slide-type=\"image\"><img loading=\"lazy\" decoding=\"async\" width=\"160\" height=\"158\" src=\"https:\/\/etanchelux.com\/wp-content\/uploads\/2025\/03\/Capture-decran-2025-03-01-143533.jpg\" class=\"slider-259 slide-292 msDefaultImage\" alt=\"\" rel=\"\" title=\"Capture d\u2019\u00e9cran 2025-03-01 143533\" \/><\/li>\n                <li style=\"display: none; width: 100%;\" class=\"slide-296 ms-image \" aria-roledescription=\"slide\" data-date=\"2025-03-01 14:36:40\" data-filename=\"Capture-decran-2025-03-01-143628.jpg\" data-slide-type=\"image\"><img loading=\"lazy\" decoding=\"async\" width=\"147\" height=\"157\" src=\"https:\/\/etanchelux.com\/wp-content\/uploads\/2025\/03\/Capture-decran-2025-03-01-143628.jpg\" class=\"slider-259 slide-296 msDefaultImage\" alt=\"\" rel=\"\" title=\"Capture d\u2019\u00e9cran 2025-03-01 143628\" \/><\/li>\n                <li style=\"display: none; width: 100%;\" class=\"slide-298 ms-image \" aria-roledescription=\"slide\" data-date=\"2025-03-01 14:37:05\" data-filename=\"Capture-decran-2025-03-01-143654.jpg\" data-slide-type=\"image\"><img loading=\"lazy\" decoding=\"async\" width=\"142\" height=\"134\" src=\"https:\/\/etanchelux.com\/wp-content\/uploads\/2025\/03\/Capture-decran-2025-03-01-143654.jpg\" class=\"slider-259 slide-298 msDefaultImage\" alt=\"\" rel=\"\" title=\"Capture d\u2019\u00e9cran 2025-03-01 143654\" \/><\/li>\n                <li style=\"display: none; width: 100%;\" class=\"slide-304 ms-image \" aria-roledescription=\"slide\" data-date=\"2025-03-01 14:38:35\" data-filename=\"Capture-decran-2025-03-01-143825.jpg\" data-slide-type=\"image\"><img loading=\"lazy\" decoding=\"async\" width=\"137\" height=\"108\" src=\"https:\/\/etanchelux.com\/wp-content\/uploads\/2025\/03\/Capture-decran-2025-03-01-143825.jpg\" class=\"slider-259 slide-304 msDefaultImage\" alt=\"\" rel=\"\" title=\"Capture d\u2019\u00e9cran 2025-03-01 143825\" \/><\/li>\n                <li style=\"display: none; width: 100%;\" class=\"slide-312 ms-image \" aria-roledescription=\"slide\" data-date=\"2025-03-01 14:41:07\" data-filename=\"Capture-decran-2025-03-01-144055.jpg\" data-slide-type=\"image\"><img loading=\"lazy\" decoding=\"async\" width=\"196\" height=\"145\" src=\"https:\/\/etanchelux.com\/wp-content\/uploads\/2025\/03\/Capture-decran-2025-03-01-144055.jpg\" class=\"slider-259 slide-312 msDefaultImage\" alt=\"\" rel=\"\" title=\"Capture d\u2019\u00e9cran 2025-03-01 144055\" \/><\/li>\n                <li style=\"display: none; width: 100%;\" class=\"slide-316 ms-image \" aria-roledescription=\"slide\" data-date=\"2025-03-01 14:43:29\" data-filename=\"Capture-decran-2025-03-01-144318.jpg\" data-slide-type=\"image\"><img loading=\"lazy\" decoding=\"async\" width=\"337\" height=\"133\" src=\"https:\/\/etanchelux.com\/wp-content\/uploads\/2025\/03\/Capture-decran-2025-03-01-144318.jpg\" class=\"slider-259 slide-316 msDefaultImage\" alt=\"\" rel=\"\" title=\"Capture d\u2019\u00e9cran 2025-03-01 144318\" srcset=\"https:\/\/etanchelux.com\/wp-content\/uploads\/2025\/03\/Capture-decran-2025-03-01-144318.jpg 337w, https:\/\/etanchelux.com\/wp-content\/uploads\/2025\/03\/Capture-decran-2025-03-01-144318-300x118.jpg 300w\" sizes=\"auto, (max-width: 337px) 100vw, 337px\" \/><\/li>\n                <li style=\"display: none; width: 100%;\" class=\"slide-318 ms-image \" aria-roledescription=\"slide\" data-date=\"2025-03-01 14:44:30\" data-filename=\"Capture-decran-2025-03-01-144417.jpg\" data-slide-type=\"image\"><img loading=\"lazy\" decoding=\"async\" width=\"384\" height=\"279\" src=\"https:\/\/etanchelux.com\/wp-content\/uploads\/2025\/03\/Capture-decran-2025-03-01-144417.jpg\" class=\"slider-259 slide-318 msDefaultImage\" alt=\"\" rel=\"\" title=\"Capture d\u2019\u00e9cran 2025-03-01 144417\" srcset=\"https:\/\/etanchelux.com\/wp-content\/uploads\/2025\/03\/Capture-decran-2025-03-01-144417.jpg 384w, https:\/\/etanchelux.com\/wp-content\/uploads\/2025\/03\/Capture-decran-2025-03-01-144417-300x218.jpg 300w\" sizes=\"auto, (max-width: 384px) 100vw, 384px\" \/><\/li>\n                <li style=\"display: none; width: 100%;\" class=\"slide-326 ms-image \" aria-roledescription=\"slide\" data-date=\"2025-03-01 14:47:09\" data-filename=\"Capture-decran-2025-03-01-144657.jpg\" data-slide-type=\"image\"><img loading=\"lazy\" decoding=\"async\" width=\"126\" height=\"130\" src=\"https:\/\/etanchelux.com\/wp-content\/uploads\/2025\/03\/Capture-decran-2025-03-01-144657.jpg\" class=\"slider-259 slide-326 msDefaultImage\" alt=\"\" rel=\"\" title=\"Capture d\u2019\u00e9cran 2025-03-01 144657\" \/><\/li>\n                <li style=\"display: none; width: 100%;\" class=\"slide-340 ms-image \" aria-roledescription=\"slide\" data-date=\"2025-03-01 14:53:15\" data-filename=\"Capture-decran-2025-03-01-145304.jpg\" data-slide-type=\"image\"><img loading=\"lazy\" decoding=\"async\" width=\"214\" height=\"191\" src=\"https:\/\/etanchelux.com\/wp-content\/uploads\/2025\/03\/Capture-decran-2025-03-01-145304.jpg\" class=\"slider-259 slide-340 msDefaultImage\" alt=\"\" rel=\"\" title=\"Capture d\u2019\u00e9cran 2025-03-01 145304\" \/><\/li>\n                <li style=\"display: none; width: 100%;\" class=\"slide-345 ms-image \" aria-roledescription=\"slide\" data-date=\"2025-03-01 14:55:35\" data-filename=\"Capture-decran-2025-03-01-145523.jpg\" data-slide-type=\"image\"><img loading=\"lazy\" decoding=\"async\" width=\"236\" height=\"200\" src=\"https:\/\/etanchelux.com\/wp-content\/uploads\/2025\/03\/Capture-decran-2025-03-01-145523.jpg\" class=\"slider-259 slide-345 msDefaultImage\" alt=\"\" rel=\"\" title=\"Capture d\u2019\u00e9cran 2025-03-01 145523\" \/><\/li>\n                <li style=\"display: none; width: 100%;\" class=\"slide-349 ms-image \" aria-roledescription=\"slide\" data-date=\"2025-03-01 14:57:41\" data-filename=\"Capture-decran-2025-03-01-145729.jpg\" data-slide-type=\"image\"><img loading=\"lazy\" decoding=\"async\" width=\"1267\" height=\"783\" src=\"https:\/\/etanchelux.com\/wp-content\/uploads\/2025\/03\/Capture-decran-2025-03-01-145729.jpg\" class=\"slider-259 slide-349 msDefaultImage\" alt=\"\" rel=\"\" title=\"Capture d\u2019\u00e9cran 2025-03-01 145729\" srcset=\"https:\/\/etanchelux.com\/wp-content\/uploads\/2025\/03\/Capture-decran-2025-03-01-145729.jpg 1267w, https:\/\/etanchelux.com\/wp-content\/uploads\/2025\/03\/Capture-decran-2025-03-01-145729-300x185.jpg 300w, https:\/\/etanchelux.com\/wp-content\/uploads\/2025\/03\/Capture-decran-2025-03-01-145729-1024x633.jpg 1024w, https:\/\/etanchelux.com\/wp-content\/uploads\/2025\/03\/Capture-decran-2025-03-01-145729-768x475.jpg 768w, https:\/\/etanchelux.com\/wp-content\/uploads\/2025\/03\/Capture-decran-2025-03-01-145729-485x300.jpg 485w\" sizes=\"auto, (max-width: 1267px) 100vw, 1267px\" \/><\/li>\n                <li style=\"display: none; width: 100%;\" class=\"slide-351 ms-image \" aria-roledescription=\"slide\" data-date=\"2025-03-01 14:59:10\" data-filename=\"Capture-decran-2025-03-01-145900.jpg\" data-slide-type=\"image\"><img loading=\"lazy\" decoding=\"async\" width=\"395\" height=\"354\" src=\"https:\/\/etanchelux.com\/wp-content\/uploads\/2025\/03\/Capture-decran-2025-03-01-145900.jpg\" class=\"slider-259 slide-351 msDefaultImage\" alt=\"\" rel=\"\" title=\"Capture d\u2019\u00e9cran 2025-03-01 145900\" srcset=\"https:\/\/etanchelux.com\/wp-content\/uploads\/2025\/03\/Capture-decran-2025-03-01-145900.jpg 395w, https:\/\/etanchelux.com\/wp-content\/uploads\/2025\/03\/Capture-decran-2025-03-01-145900-300x269.jpg 300w, https:\/\/etanchelux.com\/wp-content\/uploads\/2025\/03\/Capture-decran-2025-03-01-145900-335x300.jpg 335w\" sizes=\"auto, (max-width: 395px) 100vw, 395px\" \/><\/li>\n                <li style=\"display: none; width: 100%;\" class=\"slide-353 ms-image \" aria-roledescription=\"slide\" data-date=\"2025-03-01 15:00:09\" data-filename=\"Capture-decran-2025-03-01-145956.jpg\" data-slide-type=\"image\"><img loading=\"lazy\" decoding=\"async\" width=\"161\" height=\"210\" src=\"https:\/\/etanchelux.com\/wp-content\/uploads\/2025\/03\/Capture-decran-2025-03-01-145956.jpg\" class=\"slider-259 slide-353 msDefaultImage\" alt=\"\" rel=\"\" title=\"Capture d\u2019\u00e9cran 2025-03-01 145956\" \/><\/li>\n            <\/ul>\n        <\/div>\n        \n    <\/div>\n<\/div><\/div>\n","protected":false},"excerpt":{"rendered":"<p>Fort de 20 ans d\u2019exp\u00e9rience en France, M. Mehmet Telligoz met son expertise professionnelle au service du Grand-Duch\u00e9 du Luxembourg depuis 2014. Sp\u00e9cialis\u00e9 dans des projets \u00e0 la fois pour professionnels et particuliers, Etanche-Lux intervient sur des chantiers vari\u00e9s, allant &hellip; <a href=\"https:\/\/etanchelux.com\/\">Continuer la lecture <span class=\"meta-nav\">&rarr;<\/span><\/a><\/p>\n","protected":false},"author":1,"featured_media":0,"parent":0,"menu_order":1,"comment_status":"closed","ping_status":"closed","template":"","meta":{"footnotes":""},"class_list":["post-38","page","type-page","status-publish","hentry"],"jetpack_sharing_enabled":true,"_links":{"self":[{"href":"https:\/\/etanchelux.com\/index.php\/wp-json\/wp\/v2\/pages\/38","targetHints":{"allow":["GET"]}}],"collection":[{"href":"https:\/\/etanchelux.com\/index.php\/wp-json\/wp\/v2\/pages"}],"about":[{"href":"https:\/\/etanchelux.com\/index.php\/wp-json\/wp\/v2\/types\/page"}],"author":[{"embeddable":true,"href":"https:\/\/etanchelux.com\/index.php\/wp-json\/wp\/v2\/users\/1"}],"replies":[{"embeddable":true,"href":"https:\/\/etanchelux.com\/index.php\/wp-json\/wp\/v2\/comments?post=38"}],"version-history":[{"count":23,"href":"https:\/\/etanchelux.com\/index.php\/wp-json\/wp\/v2\/pages\/38\/revisions"}],"predecessor-version":[{"id":566,"href":"https:\/\/etanchelux.com\/index.php\/wp-json\/wp\/v2\/pages\/38\/revisions\/566"}],"wp:attachment":[{"href":"https:\/\/etanchelux.com\/index.php\/wp-json\/wp\/v2\/media?parent=38"}],"curies":[{"name":"wp","href":"https:\/\/api.w.org\/{rel}","templated":true}]}}