{"id":413,"date":"2025-03-30T04:11:34","date_gmt":"2025-03-30T03:11:34","guid":{"rendered":"https:\/\/etanchelux.com\/?page_id=413"},"modified":"2025-07-21T08:32:38","modified_gmt":"2025-07-21T06:32:38","slug":"413-2","status":"publish","type":"page","link":"https:\/\/etanchelux.com\/index.php\/nos-services\/413-2\/","title":{"rendered":"Echelle crinoline"},"content":{"rendered":"\n<p><strong>Pourquoi opter pour une Echelle crinoline ?<\/strong><\/p>\n\n\n\n<p><strong>S\u00e9curit\u00e9 renforc\u00e9e<\/strong> : L&rsquo;\u00e9chelle crinoline est dot\u00e9e d&rsquo;une cage de s\u00e9curit\u00e9 (la crinoline) qui entoure l&rsquo;\u00e9chelle, offrant ainsi une protection contre les chutes accidentelles, en particulier lors de l&rsquo;utilisation \u00e0 des hauteurs importantes.<\/p>\n\n\n\n<p><strong>Acc\u00e8s facilit\u00e9<\/strong> : Ce type d&rsquo;\u00e9chelle permet un acc\u00e8s facile et s\u00e9curis\u00e9 \u00e0 des points \u00e9lev\u00e9s, souvent utilis\u00e9s dans des b\u00e2timents industriels, des silos, des r\u00e9servoirs ou d&rsquo;autres structures en hauteur.<\/p>\n\n\n\n<p><strong>Conformit\u00e9 aux normes de s\u00e9curit\u00e9<\/strong> : Les \u00e9chelles crinoline respectent des normes de s\u00e9curit\u00e9 strictes et sont souvent exig\u00e9es dans des environnements de travail o\u00f9 les risques de chute sont importants, garantissant ainsi la conformit\u00e9 aux r\u00e9glementations en vigueur.<\/p>\n\n\n\n<p><strong>Stabilit\u00e9 accrue<\/strong> : La structure de la crinoline renforce la stabilit\u00e9 de l&rsquo;\u00e9chelle, offrant ainsi une meilleure prise et un soutien suppl\u00e9mentaire pour les travailleurs qui l&rsquo;utilisent, ce qui est particuli\u00e8rement utile dans des conditions difficiles ou instables.<\/p>\n\n\n\n<figure class=\"wp-block-image size-large is-resized\"><img loading=\"lazy\" decoding=\"async\" width=\"815\" height=\"1024\" src=\"https:\/\/etanchelux.com\/wp-content\/uploads\/2025\/03\/Echelle-O-crinoline-1-815x1024.webp\" alt=\"\" class=\"wp-image-417\" style=\"width:365px;height:auto\" srcset=\"https:\/\/etanchelux.com\/wp-content\/uploads\/2025\/03\/Echelle-O-crinoline-1-815x1024.webp 815w, https:\/\/etanchelux.com\/wp-content\/uploads\/2025\/03\/Echelle-O-crinoline-1-239x300.webp 239w, https:\/\/etanchelux.com\/wp-content\/uploads\/2025\/03\/Echelle-O-crinoline-1-768x965.webp 768w, https:\/\/etanchelux.com\/wp-content\/uploads\/2025\/03\/Echelle-O-crinoline-1-1222x1536.webp 1222w, https:\/\/etanchelux.com\/wp-content\/uploads\/2025\/03\/Echelle-O-crinoline-1.webp 1528w\" sizes=\"auto, (max-width: 815px) 100vw, 815px\" \/><\/figure>\n\n\n\n<p><strong>Facilit\u00e9 d&rsquo;entretien et d&rsquo;inspection<\/strong> : Dans certains secteurs (comme l&rsquo;industrie ou la maintenance), l&rsquo;\u00e9chelle crinoline permet un acc\u00e8s s\u00e9curis\u00e9 pour l&rsquo;entretien, la r\u00e9paration et l&rsquo;inspection de structures \u00e9lev\u00e9es, facilitant ces t\u00e2ches en toute s\u00e9curit\u00e9.<\/p>\n\n\n\n<p><strong>Durabilit\u00e9<\/strong> : Les \u00e9chelles crinoline sont g\u00e9n\u00e9ralement con\u00e7ues pour \u00eatre robustes et r\u00e9sistantes aux conditions climatiques difficiles, ce qui en fait une solution durable \u00e0 long terme pour des applications dans des environnements industriels ou ext\u00e9rieurs.<\/p>\n\n\n\n<p><\/p>\n","protected":false},"excerpt":{"rendered":"<p>Pourquoi opter pour une Echelle crinoline ? S\u00e9curit\u00e9 renforc\u00e9e : L&rsquo;\u00e9chelle crinoline est dot\u00e9e d&rsquo;une cage de s\u00e9curit\u00e9 (la crinoline) qui entoure l&rsquo;\u00e9chelle, offrant ainsi une protection contre les chutes accidentelles, en particulier lors de l&rsquo;utilisation \u00e0 des hauteurs importantes. &hellip; <a href=\"https:\/\/etanchelux.com\/index.php\/nos-services\/413-2\/\">Continuer la lecture <span class=\"meta-nav\">&rarr;<\/span><\/a><\/p>\n","protected":false},"author":1,"featured_media":0,"parent":40,"menu_order":7,"comment_status":"closed","ping_status":"closed","template":"","meta":{"footnotes":""},"class_list":["post-413","page","type-page","status-publish","hentry"],"jetpack_sharing_enabled":true,"_links":{"self":[{"href":"https:\/\/etanchelux.com\/index.php\/wp-json\/wp\/v2\/pages\/413","targetHints":{"allow":["GET"]}}],"collection":[{"href":"https:\/\/etanchelux.com\/index.php\/wp-json\/wp\/v2\/pages"}],"about":[{"href":"https:\/\/etanchelux.com\/index.php\/wp-json\/wp\/v2\/types\/page"}],"author":[{"embeddable":true,"href":"https:\/\/etanchelux.com\/index.php\/wp-json\/wp\/v2\/users\/1"}],"replies":[{"embeddable":true,"href":"https:\/\/etanchelux.com\/index.php\/wp-json\/wp\/v2\/comments?post=413"}],"version-history":[{"count":4,"href":"https:\/\/etanchelux.com\/index.php\/wp-json\/wp\/v2\/pages\/413\/revisions"}],"predecessor-version":[{"id":418,"href":"https:\/\/etanchelux.com\/index.php\/wp-json\/wp\/v2\/pages\/413\/revisions\/418"}],"up":[{"embeddable":true,"href":"https:\/\/etanchelux.com\/index.php\/wp-json\/wp\/v2\/pages\/40"}],"wp:attachment":[{"href":"https:\/\/etanchelux.com\/index.php\/wp-json\/wp\/v2\/media?parent=413"}],"curies":[{"name":"wp","href":"https:\/\/api.w.org\/{rel}","templated":true}]}}