{"id":618,"date":"2025-07-22T06:53:08","date_gmt":"2025-07-22T04:53:08","guid":{"rendered":"https:\/\/etanchelux.com\/?page_id=618"},"modified":"2025-07-22T07:05:58","modified_gmt":"2025-07-22T05:05:58","slug":"couvertine-en-aluminium","status":"publish","type":"page","link":"https:\/\/etanchelux.com\/index.php\/nos-ateliers\/couvertine-en-aluminium\/","title":{"rendered":"Couvertine en aluminium"},"content":{"rendered":"\n<figure class=\"wp-block-image size-full is-resized is-style-rounded\"><img loading=\"lazy\" decoding=\"async\" width=\"229\" height=\"231\" src=\"https:\/\/etanchelux.com\/wp-content\/uploads\/2025\/02\/logosanscadre.jpg\" alt=\"\" class=\"wp-image-58\" style=\"width:103px;height:auto\" srcset=\"https:\/\/etanchelux.com\/wp-content\/uploads\/2025\/02\/logosanscadre.jpg 229w, https:\/\/etanchelux.com\/wp-content\/uploads\/2025\/02\/logosanscadre-150x150.jpg 150w\" sizes=\"auto, (max-width: 229px) 100vw, 229px\" \/><\/figure>\n\n\n\n<figure class=\"wp-block-image size-full is-resized\"><img loading=\"lazy\" decoding=\"async\" width=\"681\" height=\"471\" src=\"https:\/\/etanchelux.com\/wp-content\/uploads\/2025\/07\/image-1.png\" alt=\"\" class=\"wp-image-621\" style=\"width:493px;height:auto\" srcset=\"https:\/\/etanchelux.com\/wp-content\/uploads\/2025\/07\/image-1.png 681w, https:\/\/etanchelux.com\/wp-content\/uploads\/2025\/07\/image-1-300x207.png 300w, https:\/\/etanchelux.com\/wp-content\/uploads\/2025\/07\/image-1-434x300.png 434w\" sizes=\"auto, (max-width: 681px) 100vw, 681px\" \/><\/figure>\n\n\n\n<p>Une couvertine en aluminium est indispensable pour une finition optimal de vos acrot\u00e8res de toitures-terrasses contre les infiltrations d&rsquo;eau et permet l&rsquo;\u00e9vacuation de l&rsquo;eau.<\/p>\n\n\n\n<p>Elle garantie une longue dur\u00e9e de vie sans entretien d\u00fb \u00e0 l&rsquo;aluminium et donne une finition propre et moderne.<\/p>\n","protected":false},"excerpt":{"rendered":"<p>Une couvertine en aluminium est indispensable pour une finition optimal de vos acrot\u00e8res de toitures-terrasses contre les infiltrations d&rsquo;eau et permet l&rsquo;\u00e9vacuation de l&rsquo;eau. Elle garantie une longue dur\u00e9e de vie sans entretien d\u00fb \u00e0 l&rsquo;aluminium et donne une finition &hellip; <a href=\"https:\/\/etanchelux.com\/index.php\/nos-ateliers\/couvertine-en-aluminium\/\">Continuer la lecture <span class=\"meta-nav\">&rarr;<\/span><\/a><\/p>\n","protected":false},"author":1,"featured_media":0,"parent":607,"menu_order":0,"comment_status":"closed","ping_status":"closed","template":"","meta":{"footnotes":""},"class_list":["post-618","page","type-page","status-publish","hentry"],"jetpack_sharing_enabled":true,"_links":{"self":[{"href":"https:\/\/etanchelux.com\/index.php\/wp-json\/wp\/v2\/pages\/618","targetHints":{"allow":["GET"]}}],"collection":[{"href":"https:\/\/etanchelux.com\/index.php\/wp-json\/wp\/v2\/pages"}],"about":[{"href":"https:\/\/etanchelux.com\/index.php\/wp-json\/wp\/v2\/types\/page"}],"author":[{"embeddable":true,"href":"https:\/\/etanchelux.com\/index.php\/wp-json\/wp\/v2\/users\/1"}],"replies":[{"embeddable":true,"href":"https:\/\/etanchelux.com\/index.php\/wp-json\/wp\/v2\/comments?post=618"}],"version-history":[{"count":4,"href":"https:\/\/etanchelux.com\/index.php\/wp-json\/wp\/v2\/pages\/618\/revisions"}],"predecessor-version":[{"id":626,"href":"https:\/\/etanchelux.com\/index.php\/wp-json\/wp\/v2\/pages\/618\/revisions\/626"}],"up":[{"embeddable":true,"href":"https:\/\/etanchelux.com\/index.php\/wp-json\/wp\/v2\/pages\/607"}],"wp:attachment":[{"href":"https:\/\/etanchelux.com\/index.php\/wp-json\/wp\/v2\/media?parent=618"}],"curies":[{"name":"wp","href":"https:\/\/api.w.org\/{rel}","templated":true}]}}