{"id":82,"date":"2025-02-26T17:13:25","date_gmt":"2025-02-26T16:13:25","guid":{"rendered":"https:\/\/etanchelux.com\/?page_id=82"},"modified":"2025-07-21T08:32:44","modified_gmt":"2025-07-21T06:32:44","slug":"coupoles-desenfumage","status":"publish","type":"page","link":"https:\/\/etanchelux.com\/index.php\/nos-services\/coupoles-desenfumage\/","title":{"rendered":"Coupoles &amp; D\u00e9senfumage"},"content":{"rendered":"\n<figure class=\"wp-block-image size-full is-resized is-style-rounded\"><img loading=\"lazy\" decoding=\"async\" width=\"229\" height=\"231\" src=\"https:\/\/etanchelux.com\/wp-content\/uploads\/2025\/02\/logosanscadre-2.jpg\" alt=\"\" class=\"wp-image-84\" style=\"width:100px;height:auto\" srcset=\"https:\/\/etanchelux.com\/wp-content\/uploads\/2025\/02\/logosanscadre-2.jpg 229w, https:\/\/etanchelux.com\/wp-content\/uploads\/2025\/02\/logosanscadre-2-150x150.jpg 150w\" sizes=\"auto, (max-width: 229px) 100vw, 229px\" \/><\/figure>\n\n\n\n<p><strong>Pourquoi une coupoles de d\u00e9senfumage ?<\/strong><\/p>\n\n\n\n<p><strong>\u00c9vacuation des fum\u00e9es et gaz toxiques<\/strong> : En cas d&rsquo;incendie, la coupole de d\u00e9senfumage permet d\u2019\u00e9vacuer efficacement les fum\u00e9es, les gaz toxiques et la chaleur, r\u00e9duisant ainsi le risque d&rsquo;asphyxie et am\u00e9liorant la visibilit\u00e9 dans les b\u00e2timents. Cela permet aux occupants de s\u2019\u00e9chapper plus facilement et offre aux pompiers des conditions de travail plus s\u00fbres pour intervenir.<\/p>\n\n\n\n<figure class=\"wp-block-image size-full is-resized\"><img loading=\"lazy\" decoding=\"async\" width=\"646\" height=\"646\" src=\"https:\/\/etanchelux.com\/wp-content\/uploads\/2025\/02\/coupole-2.jpg\" alt=\"\" class=\"wp-image-85\" style=\"width:287px;height:auto\" srcset=\"https:\/\/etanchelux.com\/wp-content\/uploads\/2025\/02\/coupole-2.jpg 646w, https:\/\/etanchelux.com\/wp-content\/uploads\/2025\/02\/coupole-2-300x300.jpg 300w, https:\/\/etanchelux.com\/wp-content\/uploads\/2025\/02\/coupole-2-150x150.jpg 150w\" sizes=\"auto, (max-width: 646px) 100vw, 646px\" \/><\/figure>\n\n\n\n<p><strong>Am\u00e9lioration de la s\u00e9curit\u00e9 incendie<\/strong> : Selon la r\u00e9glementation en vigueur, l&rsquo;installation de coupoles de d\u00e9senfumage est souvent obligatoire dans les b\u00e2timents de grande hauteur ou ceux pr\u00e9sentant un risque particulier. Ces syst\u00e8mes garantissent une meilleure s\u00e9curit\u00e9 en assurant une \u00e9vacuation rapide des fum\u00e9es et en pr\u00e9venant la propagation du feu.<\/p>\n\n\n\n<p><strong>Renouvellement d\u2019air naturel<\/strong> : Les coupoles de d\u00e9senfumage assurent \u00e9galement le renouvellement de l\u2019air en cas de sinistre, permettant de maintenir un environnement respirable pour les occupants, m\u00eame en pr\u00e9sence de fum\u00e9e ou de gaz.<\/p>\n\n\n\n<p><strong>Conformit\u00e9 aux normes<\/strong> : L\u2019installation de coupoles de d\u00e9senfumage r\u00e9pond aux exigences des normes de s\u00e9curit\u00e9 incendie (notamment la norme NF EN 12101-2). Elle est essentielle pour garantir que votre b\u00e2timent respecte la r\u00e9glementation en mati\u00e8re de s\u00e9curit\u00e9 et de protection des personnes en cas d\u2019incendie.<\/p>\n","protected":false},"excerpt":{"rendered":"<p>Pourquoi une coupoles de d\u00e9senfumage ? \u00c9vacuation des fum\u00e9es et gaz toxiques : En cas d&rsquo;incendie, la coupole de d\u00e9senfumage permet d\u2019\u00e9vacuer efficacement les fum\u00e9es, les gaz toxiques et la chaleur, r\u00e9duisant ainsi le risque d&rsquo;asphyxie et am\u00e9liorant la visibilit\u00e9 &hellip; <a href=\"https:\/\/etanchelux.com\/index.php\/nos-services\/coupoles-desenfumage\/\">Continuer la lecture <span class=\"meta-nav\">&rarr;<\/span><\/a><\/p>\n","protected":false},"author":1,"featured_media":0,"parent":40,"menu_order":8,"comment_status":"closed","ping_status":"closed","template":"","meta":{"footnotes":""},"class_list":["post-82","page","type-page","status-publish","hentry"],"jetpack_sharing_enabled":true,"_links":{"self":[{"href":"https:\/\/etanchelux.com\/index.php\/wp-json\/wp\/v2\/pages\/82","targetHints":{"allow":["GET"]}}],"collection":[{"href":"https:\/\/etanchelux.com\/index.php\/wp-json\/wp\/v2\/pages"}],"about":[{"href":"https:\/\/etanchelux.com\/index.php\/wp-json\/wp\/v2\/types\/page"}],"author":[{"embeddable":true,"href":"https:\/\/etanchelux.com\/index.php\/wp-json\/wp\/v2\/users\/1"}],"replies":[{"embeddable":true,"href":"https:\/\/etanchelux.com\/index.php\/wp-json\/wp\/v2\/comments?post=82"}],"version-history":[{"count":4,"href":"https:\/\/etanchelux.com\/index.php\/wp-json\/wp\/v2\/pages\/82\/revisions"}],"predecessor-version":[{"id":381,"href":"https:\/\/etanchelux.com\/index.php\/wp-json\/wp\/v2\/pages\/82\/revisions\/381"}],"up":[{"embeddable":true,"href":"https:\/\/etanchelux.com\/index.php\/wp-json\/wp\/v2\/pages\/40"}],"wp:attachment":[{"href":"https:\/\/etanchelux.com\/index.php\/wp-json\/wp\/v2\/media?parent=82"}],"curies":[{"name":"wp","href":"https:\/\/api.w.org\/{rel}","templated":true}]}}